{"id":1728,"date":"2026-02-17T09:31:50","date_gmt":"2026-02-17T09:31:50","guid":{"rendered":"https:\/\/demosite15.dominimarketing01.it\/faq\/"},"modified":"2026-02-19T11:16:19","modified_gmt":"2026-02-19T11:16:19","slug":"faq","status":"publish","type":"page","link":"https:\/\/demosite15.dominimarketing01.it\/fr\/faq\/","title":{"rendered":"FAQ"},"content":{"rendered":"\t\t<div data-elementor-type=\"wp-page\" data-elementor-id=\"1728\" class=\"elementor elementor-1728 elementor-1324\" data-elementor-post-type=\"page\">\n\t\t\t\t<div class=\"elementor-element elementor-element-40cb003c e-flex e-con-boxed e-con e-parent\" data-id=\"40cb003c\" data-element_type=\"container\" data-e-type=\"container\" data-settings=\"{&quot;background_background&quot;:&quot;classic&quot;}\">\n\t\t\t\t\t<div class=\"e-con-inner\">\n\t\t\t\t\t<\/div>\n\t\t\t\t<\/div>\n\t\t<div class=\"elementor-element elementor-element-69259d9 e-flex e-con-boxed e-con e-parent\" data-id=\"69259d9\" data-element_type=\"container\" data-e-type=\"container\" data-settings=\"{&quot;background_background&quot;:&quot;classic&quot;}\">\n\t\t\t\t\t<div class=\"e-con-inner\">\n\t\t<div class=\"elementor-element elementor-element-cccc501 e-con-full e-flex e-con e-child\" data-id=\"cccc501\" data-element_type=\"container\" data-e-type=\"container\">\n\t\t\t\t<div class=\"elementor-element elementor-element-0bd90a9 elementor-widget elementor-widget-heading\" data-id=\"0bd90a9\" data-element_type=\"widget\" data-e-type=\"widget\" data-widget_type=\"heading.default\">\n\t\t\t\t\t<h2 class=\"elementor-heading-title elementor-size-default\">H\u00d4TEL 3 \u00c9TOILES FINALE LIGURE<\/h2>\t\t\t\t<\/div>\n\t\t\t\t<div class=\"elementor-element elementor-element-d6d061f elementor-widget elementor-widget-heading\" data-id=\"d6d061f\" data-element_type=\"widget\" data-e-type=\"widget\" data-widget_type=\"heading.default\">\n\t\t\t\t\t<h2 class=\"elementor-heading-title elementor-size-default\">FAQ<\/h2>\t\t\t\t<\/div>\n\t\t\t\t<div class=\"elementor-element elementor-element-338d3a8 elementor-widget elementor-widget-image\" data-id=\"338d3a8\" data-element_type=\"widget\" data-e-type=\"widget\" data-widget_type=\"image.default\">\n\t\t\t\t\t\t\t\t\t\t\t\t\t\t\t<img decoding=\"async\" width=\"300\" height=\"18\" src=\"https:\/\/demosite15.dominimarketing01.it\/wp-content\/uploads\/separazione2-1-300x18.png\" class=\"attachment-medium size-medium wp-image-1204\" alt=\"\" srcset=\"https:\/\/demosite15.dominimarketing01.it\/wp-content\/uploads\/separazione2-1-300x18.png 300w, https:\/\/demosite15.dominimarketing01.it\/wp-content\/uploads\/separazione2-1-1024x63.png 1024w, https:\/\/demosite15.dominimarketing01.it\/wp-content\/uploads\/separazione2-1-768x47.png 768w, https:\/\/demosite15.dominimarketing01.it\/wp-content\/uploads\/separazione2-1.png 1106w\" sizes=\"(max-width: 300px) 100vw, 300px\" \/>\t\t\t\t\t\t\t\t\t\t\t\t\t\t\t<\/div>\n\t\t\t\t<\/div>\n\t\t\t\t\t<\/div>\n\t\t\t\t<\/div>\n\t\t<div class=\"elementor-element elementor-element-fbe225a e-con-full e-flex e-con e-parent\" data-id=\"fbe225a\" data-element_type=\"container\" data-e-type=\"container\">\n\t\t<div class=\"elementor-element elementor-element-72d3705 e-flex e-con-boxed e-con e-child\" data-id=\"72d3705\" data-element_type=\"container\" data-e-type=\"container\">\n\t\t\t\t\t<div class=\"e-con-inner\">\n\t\t\t\t<div class=\"elementor-element elementor-element-d93299b elementor-widget elementor-widget-n-accordion\" data-id=\"d93299b\" data-element_type=\"widget\" data-e-type=\"widget\" data-settings=\"{&quot;default_state&quot;:&quot;expanded&quot;,&quot;max_items_expended&quot;:&quot;one&quot;,&quot;n_accordion_animation_duration&quot;:{&quot;unit&quot;:&quot;ms&quot;,&quot;size&quot;:400,&quot;sizes&quot;:[]}}\" data-widget_type=\"nested-accordion.default\">\n\t\t\t\t\t\t\t<div class=\"e-n-accordion\" aria-label=\"Accordion. Open links with Enter or Space, close with Escape, and navigate with Arrow Keys\">\n\t\t\t\t\t\t<details id=\"e-n-accordion-item-2270\" class=\"e-n-accordion-item\" open>\n\t\t\t\t<summary class=\"e-n-accordion-item-title\" data-accordion-index=\"1\" tabindex=\"0\" aria-expanded=\"true\" aria-controls=\"e-n-accordion-item-2270\" >\n\t\t\t\t\t<span class='e-n-accordion-item-title-header'><div class=\"e-n-accordion-item-title-text\"> \u00c0 quelle distance se trouve l\u2019h\u00f4tel de la mer\u202f? <\/div><\/span>\n\t\t\t\t\t\t\t<span class='e-n-accordion-item-title-icon'>\n\t\t\t<span class='e-opened' ><svg aria-hidden=\"true\" class=\"e-font-icon-svg e-fas-minus\" viewBox=\"0 0 448 512\" xmlns=\"http:\/\/www.w3.org\/2000\/svg\"><path d=\"M416 208H32c-17.67 0-32 14.33-32 32v32c0 17.67 14.33 32 32 32h384c17.67 0 32-14.33 32-32v-32c0-17.67-14.33-32-32-32z\"><\/path><\/svg><\/span>\n\t\t\t<span class='e-closed'><svg aria-hidden=\"true\" class=\"e-font-icon-svg e-fas-plus\" viewBox=\"0 0 448 512\" xmlns=\"http:\/\/www.w3.org\/2000\/svg\"><path d=\"M416 208H272V64c0-17.67-14.33-32-32-32h-32c-17.67 0-32 14.33-32 32v144H32c-17.67 0-32 14.33-32 32v32c0 17.67 14.33 32 32 32h144v144c0 17.67 14.33 32 32 32h32c17.67 0 32-14.33 32-32V304h144c17.67 0 32-14.33 32-32v-32c0-17.67-14.33-32-32-32z\"><\/path><\/svg><\/span>\n\t\t<\/span>\n\n\t\t\t\t\t\t<\/summary>\n\t\t\t\t<div role=\"region\" aria-labelledby=\"e-n-accordion-item-2270\" class=\"elementor-element elementor-element-601523d e-con-full e-flex e-con e-child\" data-id=\"601523d\" data-element_type=\"container\" data-e-type=\"container\">\n\t\t\t\t<div class=\"elementor-element elementor-element-95975bd elementor-widget elementor-widget-text-editor\" data-id=\"95975bd\" data-element_type=\"widget\" data-e-type=\"widget\" data-widget_type=\"text-editor.default\">\n\t\t\t\t\t\t\t\t\t<p><span style=\"font-weight: 400;\">L\u2019H\u00f4tel Rio se trouve \u00e0 quelques minutes \u00e0 pied de la plage, le long d\u2019un parcours simple et plat.<\/span><\/p>\t\t\t\t\t\t\t\t<\/div>\n\t\t\t\t<\/div>\n\t\t\t\t\t<\/details>\n\t\t\t\t\t\t<details id=\"e-n-accordion-item-2271\" class=\"e-n-accordion-item\" >\n\t\t\t\t<summary class=\"e-n-accordion-item-title\" data-accordion-index=\"2\" tabindex=\"-1\" aria-expanded=\"false\" aria-controls=\"e-n-accordion-item-2271\" >\n\t\t\t\t\t<span class='e-n-accordion-item-title-header'><div class=\"e-n-accordion-item-title-text\"> L\u2019h\u00f4tel dispose-t-il d\u2019un parking\u202f? <\/div><\/span>\n\t\t\t\t\t\t\t<span class='e-n-accordion-item-title-icon'>\n\t\t\t<span class='e-opened' ><svg aria-hidden=\"true\" class=\"e-font-icon-svg e-fas-minus\" viewBox=\"0 0 448 512\" xmlns=\"http:\/\/www.w3.org\/2000\/svg\"><path d=\"M416 208H32c-17.67 0-32 14.33-32 32v32c0 17.67 14.33 32 32 32h384c17.67 0 32-14.33 32-32v-32c0-17.67-14.33-32-32-32z\"><\/path><\/svg><\/span>\n\t\t\t<span class='e-closed'><svg aria-hidden=\"true\" class=\"e-font-icon-svg e-fas-plus\" viewBox=\"0 0 448 512\" xmlns=\"http:\/\/www.w3.org\/2000\/svg\"><path d=\"M416 208H272V64c0-17.67-14.33-32-32-32h-32c-17.67 0-32 14.33-32 32v144H32c-17.67 0-32 14.33-32 32v32c0 17.67 14.33 32 32 32h144v144c0 17.67 14.33 32 32 32h32c17.67 0 32-14.33 32-32V304h144c17.67 0 32-14.33 32-32v-32c0-17.67-14.33-32-32-32z\"><\/path><\/svg><\/span>\n\t\t<\/span>\n\n\t\t\t\t\t\t<\/summary>\n\t\t\t\t<div role=\"region\" aria-labelledby=\"e-n-accordion-item-2271\" class=\"elementor-element elementor-element-dd9a7fc e-con-full e-flex e-con e-child\" data-id=\"dd9a7fc\" data-element_type=\"container\" data-e-type=\"container\">\n\t\t\t\t<div class=\"elementor-element elementor-element-130bab2 elementor-widget elementor-widget-text-editor\" data-id=\"130bab2\" data-element_type=\"widget\" data-e-type=\"widget\" data-widget_type=\"text-editor.default\">\n\t\t\t\t\t\t\t\t\t<p><span style=\"font-weight: 400;\">Oui, un parking priv\u00e9 est disponible (places limit\u00e9es).<\/span><\/p><p><span style=\"font-weight: 400;\">Il est conseill\u00e9 de r\u00e9server \u00e0 l\u2019avance.<\/span><\/p>\t\t\t\t\t\t\t\t<\/div>\n\t\t\t\t<\/div>\n\t\t\t\t\t<\/details>\n\t\t\t\t\t\t<details id=\"e-n-accordion-item-2272\" class=\"e-n-accordion-item\" >\n\t\t\t\t<summary class=\"e-n-accordion-item-title\" data-accordion-index=\"3\" tabindex=\"-1\" aria-expanded=\"false\" aria-controls=\"e-n-accordion-item-2272\" >\n\t\t\t\t\t<span class='e-n-accordion-item-title-header'><div class=\"e-n-accordion-item-title-text\"> Y a-t-il un ascenseur\u202f? <\/div><\/span>\n\t\t\t\t\t\t\t<span class='e-n-accordion-item-title-icon'>\n\t\t\t<span class='e-opened' ><svg aria-hidden=\"true\" class=\"e-font-icon-svg e-fas-minus\" viewBox=\"0 0 448 512\" xmlns=\"http:\/\/www.w3.org\/2000\/svg\"><path d=\"M416 208H32c-17.67 0-32 14.33-32 32v32c0 17.67 14.33 32 32 32h384c17.67 0 32-14.33 32-32v-32c0-17.67-14.33-32-32-32z\"><\/path><\/svg><\/span>\n\t\t\t<span class='e-closed'><svg aria-hidden=\"true\" class=\"e-font-icon-svg e-fas-plus\" viewBox=\"0 0 448 512\" xmlns=\"http:\/\/www.w3.org\/2000\/svg\"><path d=\"M416 208H272V64c0-17.67-14.33-32-32-32h-32c-17.67 0-32 14.33-32 32v144H32c-17.67 0-32 14.33-32 32v32c0 17.67 14.33 32 32 32h144v144c0 17.67 14.33 32 32 32h32c17.67 0 32-14.33 32-32V304h144c17.67 0 32-14.33 32-32v-32c0-17.67-14.33-32-32-32z\"><\/path><\/svg><\/span>\n\t\t<\/span>\n\n\t\t\t\t\t\t<\/summary>\n\t\t\t\t<div role=\"region\" aria-labelledby=\"e-n-accordion-item-2272\" class=\"elementor-element elementor-element-4fa6b84 e-con-full e-flex e-con e-child\" data-id=\"4fa6b84\" data-element_type=\"container\" data-e-type=\"container\">\n\t\t\t\t<div class=\"elementor-element elementor-element-ef2a86a elementor-widget elementor-widget-text-editor\" data-id=\"ef2a86a\" data-element_type=\"widget\" data-e-type=\"widget\" data-widget_type=\"text-editor.default\">\n\t\t\t\t\t\t\t\t\t<p><span style=\"font-weight: 400;\">Oui, l\u2019h\u00f4tel est \u00e9quip\u00e9 d\u2019un ascenseur qui dessert confortablement tous les \u00e9tages.<\/span><\/p>\t\t\t\t\t\t\t\t<\/div>\n\t\t\t\t<\/div>\n\t\t\t\t\t<\/details>\n\t\t\t\t\t\t<details id=\"e-n-accordion-item-2273\" class=\"e-n-accordion-item\" >\n\t\t\t\t<summary class=\"e-n-accordion-item-title\" data-accordion-index=\"4\" tabindex=\"-1\" aria-expanded=\"false\" aria-controls=\"e-n-accordion-item-2273\" >\n\t\t\t\t\t<span class='e-n-accordion-item-title-header'><div class=\"e-n-accordion-item-title-text\"> L\u2019h\u00f4tel poss\u00e8de-t-il une piscine\u202f? <\/div><\/span>\n\t\t\t\t\t\t\t<span class='e-n-accordion-item-title-icon'>\n\t\t\t<span class='e-opened' ><svg aria-hidden=\"true\" class=\"e-font-icon-svg e-fas-minus\" viewBox=\"0 0 448 512\" xmlns=\"http:\/\/www.w3.org\/2000\/svg\"><path d=\"M416 208H32c-17.67 0-32 14.33-32 32v32c0 17.67 14.33 32 32 32h384c17.67 0 32-14.33 32-32v-32c0-17.67-14.33-32-32-32z\"><\/path><\/svg><\/span>\n\t\t\t<span class='e-closed'><svg aria-hidden=\"true\" class=\"e-font-icon-svg e-fas-plus\" viewBox=\"0 0 448 512\" xmlns=\"http:\/\/www.w3.org\/2000\/svg\"><path d=\"M416 208H272V64c0-17.67-14.33-32-32-32h-32c-17.67 0-32 14.33-32 32v144H32c-17.67 0-32 14.33-32 32v32c0 17.67 14.33 32 32 32h144v144c0 17.67 14.33 32 32 32h32c17.67 0 32-14.33 32-32V304h144c17.67 0 32-14.33 32-32v-32c0-17.67-14.33-32-32-32z\"><\/path><\/svg><\/span>\n\t\t<\/span>\n\n\t\t\t\t\t\t<\/summary>\n\t\t\t\t<div role=\"region\" aria-labelledby=\"e-n-accordion-item-2273\" class=\"elementor-element elementor-element-4730dc3 e-con-full e-flex e-con e-child\" data-id=\"4730dc3\" data-element_type=\"container\" data-e-type=\"container\">\n\t\t\t\t<div class=\"elementor-element elementor-element-e5c7ecf elementor-widget elementor-widget-text-editor\" data-id=\"e5c7ecf\" data-element_type=\"widget\" data-e-type=\"widget\" data-widget_type=\"text-editor.default\">\n\t\t\t\t\t\t\t\t\t<p><span style=\"font-weight: 400;\">Oui, l\u2019h\u00f4tel dispose d\u2019une piscine avec une couverture t\u00e9lescopique, utilisable toute l\u2019ann\u00e9e.<\/span><\/p><p><span style=\"font-weight: 400;\">En hiver, elle est couverte et chauff\u00e9e, garantissant confort et d\u00e9tente m\u00eame pendant les mois les plus froids.<\/span><\/p>\t\t\t\t\t\t\t\t<\/div>\n\t\t\t\t<\/div>\n\t\t\t\t\t<\/details>\n\t\t\t\t\t\t<details id=\"e-n-accordion-item-2274\" class=\"e-n-accordion-item\" >\n\t\t\t\t<summary class=\"e-n-accordion-item-title\" data-accordion-index=\"5\" tabindex=\"-1\" aria-expanded=\"false\" aria-controls=\"e-n-accordion-item-2274\" >\n\t\t\t\t\t<span class='e-n-accordion-item-title-header'><div class=\"e-n-accordion-item-title-text\"> L\u2019h\u00f4tel dispose-t-il d\u2019un spa int\u00e9rieur\u202f? <\/div><\/span>\n\t\t\t\t\t\t\t<span class='e-n-accordion-item-title-icon'>\n\t\t\t<span class='e-opened' ><svg aria-hidden=\"true\" class=\"e-font-icon-svg e-fas-minus\" viewBox=\"0 0 448 512\" xmlns=\"http:\/\/www.w3.org\/2000\/svg\"><path d=\"M416 208H32c-17.67 0-32 14.33-32 32v32c0 17.67 14.33 32 32 32h384c17.67 0 32-14.33 32-32v-32c0-17.67-14.33-32-32-32z\"><\/path><\/svg><\/span>\n\t\t\t<span class='e-closed'><svg aria-hidden=\"true\" class=\"e-font-icon-svg e-fas-plus\" viewBox=\"0 0 448 512\" xmlns=\"http:\/\/www.w3.org\/2000\/svg\"><path d=\"M416 208H272V64c0-17.67-14.33-32-32-32h-32c-17.67 0-32 14.33-32 32v144H32c-17.67 0-32 14.33-32 32v32c0 17.67 14.33 32 32 32h144v144c0 17.67 14.33 32 32 32h32c17.67 0 32-14.33 32-32V304h144c17.67 0 32-14.33 32-32v-32c0-17.67-14.33-32-32-32z\"><\/path><\/svg><\/span>\n\t\t<\/span>\n\n\t\t\t\t\t\t<\/summary>\n\t\t\t\t<div role=\"region\" aria-labelledby=\"e-n-accordion-item-2274\" class=\"elementor-element elementor-element-8b5b727 e-con-full e-flex e-con e-child\" data-id=\"8b5b727\" data-element_type=\"container\" data-e-type=\"container\">\n\t\t\t\t<div class=\"elementor-element elementor-element-634540e elementor-widget elementor-widget-text-editor\" data-id=\"634540e\" data-element_type=\"widget\" data-e-type=\"widget\" data-widget_type=\"text-editor.default\">\n\t\t\t\t\t\t\t\t\t<p><span style=\"font-weight: 400;\">Oui, l\u2019H\u00f4tel Rio propose un spa int\u00e9rieur avec un espace bien-\u00eatre et des soins d\u00e9di\u00e9s.<\/span><\/p><p><span style=\"font-weight: 400;\">Le personnel est \u00e0 votre disposition pour toute information et r\u00e9servation.<\/span><\/p>\t\t\t\t\t\t\t\t<\/div>\n\t\t\t\t<\/div>\n\t\t\t\t\t<\/details>\n\t\t\t\t\t\t<details id=\"e-n-accordion-item-2275\" class=\"e-n-accordion-item\" >\n\t\t\t\t<summary class=\"e-n-accordion-item-title\" data-accordion-index=\"6\" tabindex=\"-1\" aria-expanded=\"false\" aria-controls=\"e-n-accordion-item-2275\" >\n\t\t\t\t\t<span class='e-n-accordion-item-title-header'><div class=\"e-n-accordion-item-title-text\"> Est-il possible de r\u00e9server la demi-pension\u202f? <\/div><\/span>\n\t\t\t\t\t\t\t<span class='e-n-accordion-item-title-icon'>\n\t\t\t<span class='e-opened' ><svg aria-hidden=\"true\" class=\"e-font-icon-svg e-fas-minus\" viewBox=\"0 0 448 512\" xmlns=\"http:\/\/www.w3.org\/2000\/svg\"><path d=\"M416 208H32c-17.67 0-32 14.33-32 32v32c0 17.67 14.33 32 32 32h384c17.67 0 32-14.33 32-32v-32c0-17.67-14.33-32-32-32z\"><\/path><\/svg><\/span>\n\t\t\t<span class='e-closed'><svg aria-hidden=\"true\" class=\"e-font-icon-svg e-fas-plus\" viewBox=\"0 0 448 512\" xmlns=\"http:\/\/www.w3.org\/2000\/svg\"><path d=\"M416 208H272V64c0-17.67-14.33-32-32-32h-32c-17.67 0-32 14.33-32 32v144H32c-17.67 0-32 14.33-32 32v32c0 17.67 14.33 32 32 32h144v144c0 17.67 14.33 32 32 32h32c17.67 0 32-14.33 32-32V304h144c17.67 0 32-14.33 32-32v-32c0-17.67-14.33-32-32-32z\"><\/path><\/svg><\/span>\n\t\t<\/span>\n\n\t\t\t\t\t\t<\/summary>\n\t\t\t\t<div role=\"region\" aria-labelledby=\"e-n-accordion-item-2275\" class=\"elementor-element elementor-element-9c9d186 e-con-full e-flex e-con e-child\" data-id=\"9c9d186\" data-element_type=\"container\" data-e-type=\"container\">\n\t\t\t\t<div class=\"elementor-element elementor-element-cf7c81b elementor-widget elementor-widget-text-editor\" data-id=\"cf7c81b\" data-element_type=\"widget\" data-e-type=\"widget\" data-widget_type=\"text-editor.default\">\n\t\t\t\t\t\t\t\t\t<p><span style=\"font-weight: 400;\">Oui, l\u2019h\u00f4tel propose la demi-pension, qui comprend\u202f:<\/span><\/p><ul><li><span style=\"font-weight: 400;\">Petit-d\u00e9jeuner<\/span><\/li><li>D\u00eener avec menu d\u00e9di\u00e9<\/li><li>Eau et vin au choix inclus pendant le repas<\/li><\/ul><p> <\/p><p><span style=\"font-weight: 400;\">Des options pour des besoins alimentaires sp\u00e9cifiques sont disponibles.<\/span><\/p>\t\t\t\t\t\t\t\t<\/div>\n\t\t\t\t<\/div>\n\t\t\t\t\t<\/details>\n\t\t\t\t\t<\/div>\n\t\t\t\t\t\t<\/div>\n\t\t\t\t<div class=\"elementor-element elementor-element-0b6033d elementor-widget elementor-widget-button\" data-id=\"0b6033d\" data-element_type=\"widget\" data-e-type=\"widget\" data-widget_type=\"button.default\">\n\t\t\t\t\t\t\t\t\t\t<a class=\"elementor-button elementor-button-link elementor-size-sm\" href=\"https:\/\/www.web-booking.it\/hotelrio-booking\/?ling=f\" target=\"_blank\">\n\t\t\t\t\t\t<span class=\"elementor-button-content-wrapper\">\n\t\t\t\t\t\t<span class=\"elementor-button-icon\">\n\t\t\t\t<svg aria-hidden=\"true\" class=\"e-font-icon-svg e-far-calendar-alt\" viewBox=\"0 0 448 512\" xmlns=\"http:\/\/www.w3.org\/2000\/svg\"><path d=\"M148 288h-40c-6.6 0-12-5.4-12-12v-40c0-6.6 5.4-12 12-12h40c6.6 0 12 5.4 12 12v40c0 6.6-5.4 12-12 12zm108-12v-40c0-6.6-5.4-12-12-12h-40c-6.6 0-12 5.4-12 12v40c0 6.6 5.4 12 12 12h40c6.6 0 12-5.4 12-12zm96 0v-40c0-6.6-5.4-12-12-12h-40c-6.6 0-12 5.4-12 12v40c0 6.6 5.4 12 12 12h40c6.6 0 12-5.4 12-12zm-96 96v-40c0-6.6-5.4-12-12-12h-40c-6.6 0-12 5.4-12 12v40c0 6.6 5.4 12 12 12h40c6.6 0 12-5.4 12-12zm-96 0v-40c0-6.6-5.4-12-12-12h-40c-6.6 0-12 5.4-12 12v40c0 6.6 5.4 12 12 12h40c6.6 0 12-5.4 12-12zm192 0v-40c0-6.6-5.4-12-12-12h-40c-6.6 0-12 5.4-12 12v40c0 6.6 5.4 12 12 12h40c6.6 0 12-5.4 12-12zm96-260v352c0 26.5-21.5 48-48 48H48c-26.5 0-48-21.5-48-48V112c0-26.5 21.5-48 48-48h48V12c0-6.6 5.4-12 12-12h40c6.6 0 12 5.4 12 12v52h128V12c0-6.6 5.4-12 12-12h40c6.6 0 12 5.4 12 12v52h48c26.5 0 48 21.5 48 48zm-48 346V160H48v298c0 3.3 2.7 6 6 6h340c3.3 0 6-2.7 6-6z\"><\/path><\/svg>\t\t\t<\/span>\n\t\t\t\t\t\t\t\t\t<span class=\"elementor-button-text\">R\u00e9servez<\/span>\n\t\t\t\t\t<\/span>\n\t\t\t\t\t<\/a>\n\t\t\t\t\t\t\t\t<\/div>\n\t\t\t\t\t<\/div>\n\t\t\t\t<\/div>\n\t\t<div class=\"elementor-element elementor-element-088b0fa e-flex e-con-boxed e-con e-child\" data-id=\"088b0fa\" data-element_type=\"container\" data-e-type=\"container\" data-settings=\"{&quot;background_background&quot;:&quot;classic&quot;}\">\n\t\t\t\t\t<div class=\"e-con-inner\">\n\t\t\t\t\t<\/div>\n\t\t\t\t<\/div>\n\t\t\t\t<\/div>\n\t\t\t\t<\/div>\n\t\t","protected":false},"excerpt":{"rendered":"<p>H\u00d4TEL 3 \u00c9TOILES FINALE LIGURE FAQ \u00c0 quelle distance se trouve l\u2019h\u00f4tel de la mer\u202f? L\u2019H\u00f4tel Rio se trouve \u00e0 quelques minutes \u00e0 pied de la plage, le long d\u2019un parcours simple et plat. L\u2019h\u00f4tel dispose-t-il d\u2019un parking\u202f? Oui, un parking priv\u00e9 est disponible (places limit\u00e9es). Il est conseill\u00e9 de r\u00e9server \u00e0 l\u2019avance. Y a-t-il [&hellip;]<\/p>\n","protected":false},"author":1,"featured_media":0,"parent":0,"menu_order":0,"comment_status":"closed","ping_status":"closed","template":"","meta":{"footnotes":""},"class_list":["post-1728","page","type-page","status-publish","hentry"],"yoast_head":"<!-- This site is optimized with the Yoast SEO plugin v26.9 - https:\/\/yoast.com\/product\/yoast-seo-wordpress\/ -->\n<title>FAQ - Hotel Rio<\/title>\n<meta name=\"robots\" content=\"index, follow, max-snippet:-1, max-image-preview:large, max-video-preview:-1\" \/>\n<link rel=\"canonical\" href=\"https:\/\/demosite15.dominimarketing01.it\/fr\/faq\/\" \/>\n<meta property=\"og:locale\" content=\"fr_FR\" \/>\n<meta property=\"og:type\" content=\"article\" \/>\n<meta property=\"og:title\" content=\"FAQ - Hotel Rio\" \/>\n<meta property=\"og:description\" content=\"H\u00d4TEL 3 \u00c9TOILES FINALE LIGURE FAQ \u00c0 quelle distance se trouve l\u2019h\u00f4tel de la mer\u202f? L\u2019H\u00f4tel Rio se trouve \u00e0 quelques minutes \u00e0 pied de la plage, le long d\u2019un parcours simple et plat. L\u2019h\u00f4tel dispose-t-il d\u2019un parking\u202f? Oui, un parking priv\u00e9 est disponible (places limit\u00e9es). Il est conseill\u00e9 de r\u00e9server \u00e0 l\u2019avance. Y a-t-il [&hellip;]\" \/>\n<meta property=\"og:url\" content=\"https:\/\/demosite15.dominimarketing01.it\/fr\/faq\/\" \/>\n<meta property=\"og:site_name\" content=\"Hotel Rio\" \/>\n<meta property=\"article:modified_time\" content=\"2026-02-19T11:16:19+00:00\" \/>\n<meta property=\"og:image\" content=\"https:\/\/demosite15.dominimarketing01.it\/wp-content\/uploads\/separazione2-1.png\" \/>\n\t<meta property=\"og:image:width\" content=\"1106\" \/>\n\t<meta property=\"og:image:height\" content=\"68\" \/>\n\t<meta property=\"og:image:type\" content=\"image\/png\" \/>\n<meta name=\"twitter:card\" content=\"summary_large_image\" \/>\n<meta name=\"twitter:label1\" content=\"Dur\u00e9e de lecture estim\u00e9e\" \/>\n\t<meta name=\"twitter:data1\" content=\"2 minutes\" \/>\n<script type=\"application\/ld+json\" class=\"yoast-schema-graph\">{\"@context\":\"https:\/\/schema.org\",\"@graph\":[{\"@type\":\"WebPage\",\"@id\":\"https:\/\/demosite15.dominimarketing01.it\/fr\/faq\/\",\"url\":\"https:\/\/demosite15.dominimarketing01.it\/fr\/faq\/\",\"name\":\"FAQ - Hotel Rio\",\"isPartOf\":{\"@id\":\"https:\/\/demosite15.dominimarketing01.it\/#website\"},\"primaryImageOfPage\":{\"@id\":\"https:\/\/demosite15.dominimarketing01.it\/fr\/faq\/#primaryimage\"},\"image\":{\"@id\":\"https:\/\/demosite15.dominimarketing01.it\/fr\/faq\/#primaryimage\"},\"thumbnailUrl\":\"https:\/\/demosite15.dominimarketing01.it\/wp-content\/uploads\/separazione2-1-300x18.png\",\"datePublished\":\"2026-02-17T09:31:50+00:00\",\"dateModified\":\"2026-02-19T11:16:19+00:00\",\"breadcrumb\":{\"@id\":\"https:\/\/demosite15.dominimarketing01.it\/fr\/faq\/#breadcrumb\"},\"inLanguage\":\"fr-FR\",\"potentialAction\":[{\"@type\":\"ReadAction\",\"target\":[\"https:\/\/demosite15.dominimarketing01.it\/fr\/faq\/\"]}]},{\"@type\":\"ImageObject\",\"inLanguage\":\"fr-FR\",\"@id\":\"https:\/\/demosite15.dominimarketing01.it\/fr\/faq\/#primaryimage\",\"url\":\"https:\/\/demosite15.dominimarketing01.it\/wp-content\/uploads\/separazione2-1-300x18.png\",\"contentUrl\":\"https:\/\/demosite15.dominimarketing01.it\/wp-content\/uploads\/separazione2-1-300x18.png\"},{\"@type\":\"BreadcrumbList\",\"@id\":\"https:\/\/demosite15.dominimarketing01.it\/fr\/faq\/#breadcrumb\",\"itemListElement\":[{\"@type\":\"ListItem\",\"position\":1,\"name\":\"Home\",\"item\":\"https:\/\/demosite15.dominimarketing01.it\/fr\/home\/\"},{\"@type\":\"ListItem\",\"position\":2,\"name\":\"FAQ\"}]},{\"@type\":\"WebSite\",\"@id\":\"https:\/\/demosite15.dominimarketing01.it\/#website\",\"url\":\"https:\/\/demosite15.dominimarketing01.it\/\",\"name\":\"Hotel Rio\",\"description\":\"\",\"potentialAction\":[{\"@type\":\"SearchAction\",\"target\":{\"@type\":\"EntryPoint\",\"urlTemplate\":\"https:\/\/demosite15.dominimarketing01.it\/?s={search_term_string}\"},\"query-input\":{\"@type\":\"PropertyValueSpecification\",\"valueRequired\":true,\"valueName\":\"search_term_string\"}}],\"inLanguage\":\"fr-FR\"}]}<\/script>\n<!-- \/ Yoast SEO plugin. -->","yoast_head_json":{"title":"FAQ - Hotel Rio","robots":{"index":"index","follow":"follow","max-snippet":"max-snippet:-1","max-image-preview":"max-image-preview:large","max-video-preview":"max-video-preview:-1"},"canonical":"https:\/\/demosite15.dominimarketing01.it\/fr\/faq\/","og_locale":"fr_FR","og_type":"article","og_title":"FAQ - Hotel Rio","og_description":"H\u00d4TEL 3 \u00c9TOILES FINALE LIGURE FAQ \u00c0 quelle distance se trouve l\u2019h\u00f4tel de la mer\u202f? L\u2019H\u00f4tel Rio se trouve \u00e0 quelques minutes \u00e0 pied de la plage, le long d\u2019un parcours simple et plat. L\u2019h\u00f4tel dispose-t-il d\u2019un parking\u202f? Oui, un parking priv\u00e9 est disponible (places limit\u00e9es). Il est conseill\u00e9 de r\u00e9server \u00e0 l\u2019avance. Y a-t-il [&hellip;]","og_url":"https:\/\/demosite15.dominimarketing01.it\/fr\/faq\/","og_site_name":"Hotel Rio","article_modified_time":"2026-02-19T11:16:19+00:00","og_image":[{"width":1106,"height":68,"url":"https:\/\/demosite15.dominimarketing01.it\/wp-content\/uploads\/separazione2-1.png","type":"image\/png"}],"twitter_card":"summary_large_image","twitter_misc":{"Dur\u00e9e de lecture estim\u00e9e":"2 minutes"},"schema":{"@context":"https:\/\/schema.org","@graph":[{"@type":"WebPage","@id":"https:\/\/demosite15.dominimarketing01.it\/fr\/faq\/","url":"https:\/\/demosite15.dominimarketing01.it\/fr\/faq\/","name":"FAQ - Hotel Rio","isPartOf":{"@id":"https:\/\/demosite15.dominimarketing01.it\/#website"},"primaryImageOfPage":{"@id":"https:\/\/demosite15.dominimarketing01.it\/fr\/faq\/#primaryimage"},"image":{"@id":"https:\/\/demosite15.dominimarketing01.it\/fr\/faq\/#primaryimage"},"thumbnailUrl":"https:\/\/demosite15.dominimarketing01.it\/wp-content\/uploads\/separazione2-1-300x18.png","datePublished":"2026-02-17T09:31:50+00:00","dateModified":"2026-02-19T11:16:19+00:00","breadcrumb":{"@id":"https:\/\/demosite15.dominimarketing01.it\/fr\/faq\/#breadcrumb"},"inLanguage":"fr-FR","potentialAction":[{"@type":"ReadAction","target":["https:\/\/demosite15.dominimarketing01.it\/fr\/faq\/"]}]},{"@type":"ImageObject","inLanguage":"fr-FR","@id":"https:\/\/demosite15.dominimarketing01.it\/fr\/faq\/#primaryimage","url":"https:\/\/demosite15.dominimarketing01.it\/wp-content\/uploads\/separazione2-1-300x18.png","contentUrl":"https:\/\/demosite15.dominimarketing01.it\/wp-content\/uploads\/separazione2-1-300x18.png"},{"@type":"BreadcrumbList","@id":"https:\/\/demosite15.dominimarketing01.it\/fr\/faq\/#breadcrumb","itemListElement":[{"@type":"ListItem","position":1,"name":"Home","item":"https:\/\/demosite15.dominimarketing01.it\/fr\/home\/"},{"@type":"ListItem","position":2,"name":"FAQ"}]},{"@type":"WebSite","@id":"https:\/\/demosite15.dominimarketing01.it\/#website","url":"https:\/\/demosite15.dominimarketing01.it\/","name":"Hotel Rio","description":"","potentialAction":[{"@type":"SearchAction","target":{"@type":"EntryPoint","urlTemplate":"https:\/\/demosite15.dominimarketing01.it\/?s={search_term_string}"},"query-input":{"@type":"PropertyValueSpecification","valueRequired":true,"valueName":"search_term_string"}}],"inLanguage":"fr-FR"}]}},"_links":{"self":[{"href":"https:\/\/demosite15.dominimarketing01.it\/fr\/wp-json\/wp\/v2\/pages\/1728","targetHints":{"allow":["GET"]}}],"collection":[{"href":"https:\/\/demosite15.dominimarketing01.it\/fr\/wp-json\/wp\/v2\/pages"}],"about":[{"href":"https:\/\/demosite15.dominimarketing01.it\/fr\/wp-json\/wp\/v2\/types\/page"}],"author":[{"embeddable":true,"href":"https:\/\/demosite15.dominimarketing01.it\/fr\/wp-json\/wp\/v2\/users\/1"}],"replies":[{"embeddable":true,"href":"https:\/\/demosite15.dominimarketing01.it\/fr\/wp-json\/wp\/v2\/comments?post=1728"}],"version-history":[{"count":1,"href":"https:\/\/demosite15.dominimarketing01.it\/fr\/wp-json\/wp\/v2\/pages\/1728\/revisions"}],"predecessor-version":[{"id":1729,"href":"https:\/\/demosite15.dominimarketing01.it\/fr\/wp-json\/wp\/v2\/pages\/1728\/revisions\/1729"}],"wp:attachment":[{"href":"https:\/\/demosite15.dominimarketing01.it\/fr\/wp-json\/wp\/v2\/media?parent=1728"}],"curies":[{"name":"wp","href":"https:\/\/api.w.org\/{rel}","templated":true}]}}