{"id":1740,"date":"2026-02-11T14:41:09","date_gmt":"2026-02-11T14:41:09","guid":{"rendered":"https:\/\/demosite15.dominimarketing01.it\/restaurant\/"},"modified":"2026-02-19T11:55:31","modified_gmt":"2026-02-19T11:55:31","slug":"restaurant","status":"publish","type":"page","link":"https:\/\/demosite15.dominimarketing01.it\/fr\/restaurant\/","title":{"rendered":"Restaurant"},"content":{"rendered":"\t\t<div data-elementor-type=\"wp-page\" data-elementor-id=\"1740\" class=\"elementor elementor-1740 elementor-612\" data-elementor-post-type=\"page\">\n\t\t\t\t<div class=\"elementor-element elementor-element-40cb003c e-flex e-con-boxed e-con e-parent\" data-id=\"40cb003c\" data-element_type=\"container\" data-e-type=\"container\" data-settings=\"{&quot;background_background&quot;:&quot;classic&quot;}\">\n\t\t\t\t\t<div class=\"e-con-inner\">\n\t\t\t\t\t<\/div>\n\t\t\t\t<\/div>\n\t\t<div class=\"elementor-element elementor-element-69259d9 e-flex e-con-boxed e-con e-parent\" data-id=\"69259d9\" data-element_type=\"container\" data-e-type=\"container\" data-settings=\"{&quot;background_background&quot;:&quot;classic&quot;}\">\n\t\t\t\t\t<div class=\"e-con-inner\">\n\t\t<div class=\"elementor-element elementor-element-cccc501 e-con-full e-flex e-con e-child\" data-id=\"cccc501\" data-element_type=\"container\" data-e-type=\"container\">\n\t\t\t\t<div class=\"elementor-element elementor-element-0bd90a9 elementor-widget elementor-widget-heading\" data-id=\"0bd90a9\" data-element_type=\"widget\" data-e-type=\"widget\" data-widget_type=\"heading.default\">\n\t\t\t\t\t<h2 class=\"elementor-heading-title elementor-size-default\">H\u00d4TEL 3 \u00c9TOILES FINALE LIGURE<\/h2>\t\t\t\t<\/div>\n\t\t\t\t<div class=\"elementor-element elementor-element-d6d061f elementor-widget elementor-widget-heading\" data-id=\"d6d061f\" data-element_type=\"widget\" data-e-type=\"widget\" data-widget_type=\"heading.default\">\n\t\t\t\t\t<h2 class=\"elementor-heading-title elementor-size-default\">LE RESTAURANT<\/h2>\t\t\t\t<\/div>\n\t\t\t\t<div class=\"elementor-element elementor-element-338d3a8 elementor-widget elementor-widget-image\" data-id=\"338d3a8\" data-element_type=\"widget\" data-e-type=\"widget\" data-widget_type=\"image.default\">\n\t\t\t\t\t\t\t\t\t\t\t\t\t\t\t<img decoding=\"async\" width=\"300\" height=\"18\" src=\"https:\/\/demosite15.dominimarketing01.it\/wp-content\/uploads\/separazione2-1-300x18.png\" class=\"attachment-medium size-medium wp-image-1204\" alt=\"\" srcset=\"https:\/\/demosite15.dominimarketing01.it\/wp-content\/uploads\/separazione2-1-300x18.png 300w, https:\/\/demosite15.dominimarketing01.it\/wp-content\/uploads\/separazione2-1-1024x63.png 1024w, https:\/\/demosite15.dominimarketing01.it\/wp-content\/uploads\/separazione2-1-768x47.png 768w, https:\/\/demosite15.dominimarketing01.it\/wp-content\/uploads\/separazione2-1.png 1106w\" sizes=\"(max-width: 300px) 100vw, 300px\" \/>\t\t\t\t\t\t\t\t\t\t\t\t\t\t\t<\/div>\n\t\t\t\t<\/div>\n\t\t\t\t\t<\/div>\n\t\t\t\t<\/div>\n\t\t<div class=\"elementor-element elementor-element-c7416cb e-con-full e-flex e-con e-parent\" data-id=\"c7416cb\" data-element_type=\"container\" data-e-type=\"container\">\n\t\t<div class=\"elementor-element elementor-element-5331ad6 e-flex e-con-boxed e-con e-child\" data-id=\"5331ad6\" data-element_type=\"container\" data-e-type=\"container\">\n\t\t\t\t\t<div class=\"e-con-inner\">\n\t\t\t\t<div class=\"elementor-element elementor-element-0877b7c elementor-widget elementor-widget-text-editor\" data-id=\"0877b7c\" data-element_type=\"widget\" data-e-type=\"widget\" data-widget_type=\"text-editor.default\">\n\t\t\t\t\t\t\t\t\t<p data-start=\"241\" data-end=\"585\">La cuisine de notre restaurant repose sur la typicit\u00e9 et la qualit\u00e9 authentique des produits, et est supervis\u00e9e directement par les propri\u00e9taires.<\/p><p data-start=\"241\" data-end=\"585\">Menu au choix avec des sp\u00e9cialit\u00e9s de poisson et de viande chaque jour. Buffet g\u00e9n\u00e9reux de salades et l\u00e9gumes au d\u00e9jeuner et au d\u00eener, desserts faits maison.<\/p><p data-start=\"241\" data-end=\"585\">Menu b\u00e9b\u00e9 et menus di\u00e9t\u00e9tiques ou pour personnes intol\u00e9rantes, sur demande.<\/p><div><span data-redactor-style=\"font-size: 16px;\"><em data-redactor-tag=\"em\"><strong>La cave propose une large gamme de vins.<\/strong><\/em><\/span><\/div><div> <\/div><div><em><span data-redactor-tag=\"span\" data-redactor-style=\"font-size: 16px;\">Un buffet copieux et vari\u00e9 pour le petit-d\u00e9jeuner, avec des p\u00e2tisseries maison, vous attend chaque matin au 1er \u00e9tage dans le lumineux \u00ab\u202fSUNGLASS LOUNGE\u202f\u00bb pour bien commencer votre journ\u00e9e.<br><\/span><\/em><\/div>\t\t\t\t\t\t\t\t<\/div>\n\t\t\t\t<div class=\"elementor-element elementor-element-1c219d5 elementor-skin-carousel elementor-arrows-yes elementor-widget elementor-widget-media-carousel\" data-id=\"1c219d5\" data-element_type=\"widget\" data-e-type=\"widget\" data-settings=\"{&quot;slides_per_view_laptop&quot;:&quot;2&quot;,&quot;slides_per_view_tablet_extra&quot;:&quot;2&quot;,&quot;skin&quot;:&quot;carousel&quot;,&quot;effect&quot;:&quot;slide&quot;,&quot;show_arrows&quot;:&quot;yes&quot;,&quot;speed&quot;:500,&quot;autoplay&quot;:&quot;yes&quot;,&quot;autoplay_speed&quot;:5000,&quot;loop&quot;:&quot;yes&quot;,&quot;pause_on_hover&quot;:&quot;yes&quot;,&quot;pause_on_interaction&quot;:&quot;yes&quot;,&quot;space_between&quot;:{&quot;unit&quot;:&quot;px&quot;,&quot;size&quot;:10,&quot;sizes&quot;:[]},&quot;space_between_widescreen&quot;:{&quot;unit&quot;:&quot;px&quot;,&quot;size&quot;:10,&quot;sizes&quot;:[]},&quot;space_between_laptop&quot;:{&quot;unit&quot;:&quot;px&quot;,&quot;size&quot;:10,&quot;sizes&quot;:[]},&quot;space_between_tablet_extra&quot;:{&quot;unit&quot;:&quot;px&quot;,&quot;size&quot;:10,&quot;sizes&quot;:[]},&quot;space_between_tablet&quot;:{&quot;unit&quot;:&quot;px&quot;,&quot;size&quot;:10,&quot;sizes&quot;:[]},&quot;space_between_mobile_extra&quot;:{&quot;unit&quot;:&quot;px&quot;,&quot;size&quot;:10,&quot;sizes&quot;:[]},&quot;space_between_mobile&quot;:{&quot;unit&quot;:&quot;px&quot;,&quot;size&quot;:10,&quot;sizes&quot;:[]}}\" data-widget_type=\"media-carousel.default\">\n\t\t\t\t\t\t\t\t\t\t<div class=\"elementor-main-swiper swiper\" role=\"region\" aria-roledescription=\"carousel\" aria-label=\"Slides\">\n\t\t\t\t<div class=\"swiper-wrapper\">\n\t\t\t\t\t\t\t\t\t\t\t<div class=\"swiper-slide\" role=\"group\" aria-roledescription=\"slide\">\n\t\t\t\t\t\t\t<a href=\"https:\/\/demosite15.dominimarketing01.it\/wp-content\/uploads\/a7358_0608_rio.jpg\" data-elementor-open-lightbox=\"yes\" data-elementor-lightbox-slideshow=\"1c219d5\" data-elementor-lightbox-title=\"a7358_0608_rio\" data-e-action-hash=\"#elementor-action%3Aaction%3Dlightbox%26settings%3DeyJpZCI6NjUxLCJ1cmwiOiJodHRwczpcL1wvZGVtb3NpdGUxNS5kb21pbmltYXJrZXRpbmcwMS5pdFwvd3AtY29udGVudFwvdXBsb2Fkc1wvYTczNThfMDYwOF9yaW8uanBnIiwic2xpZGVzaG93IjoiMWMyMTlkNSJ9\">\t\t<div class=\"elementor-carousel-image\" role=\"img\" aria-label=\"Ristorante\" style=\"background-image: url(&#039;https:\/\/demosite15.dominimarketing01.it\/wp-content\/uploads\/a7358_0608_rio-768x512.jpg&#039;)\">\n\n\t\t\t\n\t\t\t\t\t<\/div>\n\t\t<\/a>\t\t\t\t\t\t<\/div>\n\t\t\t\t\t\t\t\t\t\t\t<div class=\"swiper-slide\" role=\"group\" aria-roledescription=\"slide\">\n\t\t\t\t\t\t\t<a href=\"https:\/\/demosite15.dominimarketing01.it\/wp-content\/uploads\/a7529_0608_rio.jpg\" data-elementor-open-lightbox=\"yes\" data-elementor-lightbox-slideshow=\"1c219d5\" data-elementor-lightbox-title=\"a7529_0608_rio\" data-e-action-hash=\"#elementor-action%3Aaction%3Dlightbox%26settings%3DeyJpZCI6NjQxLCJ1cmwiOiJodHRwczpcL1wvZGVtb3NpdGUxNS5kb21pbmltYXJrZXRpbmcwMS5pdFwvd3AtY29udGVudFwvdXBsb2Fkc1wvYTc1MjlfMDYwOF9yaW8uanBnIiwic2xpZGVzaG93IjoiMWMyMTlkNSJ9\">\t\t<div class=\"elementor-carousel-image\" role=\"img\" aria-label=\"Ristorante\" style=\"background-image: url(&#039;https:\/\/demosite15.dominimarketing01.it\/wp-content\/uploads\/a7529_0608_rio-768x512.jpg&#039;)\">\n\n\t\t\t\n\t\t\t\t\t<\/div>\n\t\t<\/a>\t\t\t\t\t\t<\/div>\n\t\t\t\t\t\t\t\t\t\t\t<div class=\"swiper-slide\" role=\"group\" aria-roledescription=\"slide\">\n\t\t\t\t\t\t\t<a href=\"https:\/\/demosite15.dominimarketing01.it\/wp-content\/uploads\/a7528_0608_rio.jpg\" data-elementor-open-lightbox=\"yes\" data-elementor-lightbox-slideshow=\"1c219d5\" data-elementor-lightbox-title=\"a7528_0608_rio\" data-e-action-hash=\"#elementor-action%3Aaction%3Dlightbox%26settings%3DeyJpZCI6NjM2LCJ1cmwiOiJodHRwczpcL1wvZGVtb3NpdGUxNS5kb21pbmltYXJrZXRpbmcwMS5pdFwvd3AtY29udGVudFwvdXBsb2Fkc1wvYTc1MjhfMDYwOF9yaW8uanBnIiwic2xpZGVzaG93IjoiMWMyMTlkNSJ9\">\t\t<div class=\"elementor-carousel-image\" role=\"img\" aria-label=\"Ristorante\" style=\"background-image: url(&#039;https:\/\/demosite15.dominimarketing01.it\/wp-content\/uploads\/a7528_0608_rio-768x512.jpg&#039;)\">\n\n\t\t\t\n\t\t\t\t\t<\/div>\n\t\t<\/a>\t\t\t\t\t\t<\/div>\n\t\t\t\t\t\t\t\t\t\t\t<div class=\"swiper-slide\" role=\"group\" aria-roledescription=\"slide\">\n\t\t\t\t\t\t\t<a href=\"https:\/\/demosite15.dominimarketing01.it\/wp-content\/uploads\/a7515_0608_rio.jpg\" data-elementor-open-lightbox=\"yes\" data-elementor-lightbox-slideshow=\"1c219d5\" data-elementor-lightbox-title=\"a7515_0608_rio\" data-e-action-hash=\"#elementor-action%3Aaction%3Dlightbox%26settings%3DeyJpZCI6NjMxLCJ1cmwiOiJodHRwczpcL1wvZGVtb3NpdGUxNS5kb21pbmltYXJrZXRpbmcwMS5pdFwvd3AtY29udGVudFwvdXBsb2Fkc1wvYTc1MTVfMDYwOF9yaW8uanBnIiwic2xpZGVzaG93IjoiMWMyMTlkNSJ9\">\t\t<div class=\"elementor-carousel-image\" role=\"img\" aria-label=\"Ristorante\" style=\"background-image: url(&#039;https:\/\/demosite15.dominimarketing01.it\/wp-content\/uploads\/a7515_0608_rio-768x512.jpg&#039;)\">\n\n\t\t\t\n\t\t\t\t\t<\/div>\n\t\t<\/a>\t\t\t\t\t\t<\/div>\n\t\t\t\t\t\t\t\t\t\t\t<div class=\"swiper-slide\" role=\"group\" aria-roledescription=\"slide\">\n\t\t\t\t\t\t\t<a href=\"https:\/\/demosite15.dominimarketing01.it\/wp-content\/uploads\/a7505_0608_rio.jpg\" data-elementor-open-lightbox=\"yes\" data-elementor-lightbox-slideshow=\"1c219d5\" data-elementor-lightbox-title=\"a7505_0608_rio\" data-e-action-hash=\"#elementor-action%3Aaction%3Dlightbox%26settings%3DeyJpZCI6NjI2LCJ1cmwiOiJodHRwczpcL1wvZGVtb3NpdGUxNS5kb21pbmltYXJrZXRpbmcwMS5pdFwvd3AtY29udGVudFwvdXBsb2Fkc1wvYTc1MDVfMDYwOF9yaW8uanBnIiwic2xpZGVzaG93IjoiMWMyMTlkNSJ9\">\t\t<div class=\"elementor-carousel-image\" role=\"img\" aria-label=\"Ristorante\" style=\"background-image: url(&#039;https:\/\/demosite15.dominimarketing01.it\/wp-content\/uploads\/a7505_0608_rio-768x512.jpg&#039;)\">\n\n\t\t\t\n\t\t\t\t\t<\/div>\n\t\t<\/a>\t\t\t\t\t\t<\/div>\n\t\t\t\t\t\t\t\t\t\t\t<div class=\"swiper-slide\" role=\"group\" aria-roledescription=\"slide\">\n\t\t\t\t\t\t\t<a href=\"https:\/\/demosite15.dominimarketing01.it\/wp-content\/uploads\/a7544_0608_rio.jpg\" data-elementor-open-lightbox=\"yes\" data-elementor-lightbox-slideshow=\"1c219d5\" data-elementor-lightbox-title=\"a7544_0608_rio\" data-e-action-hash=\"#elementor-action%3Aaction%3Dlightbox%26settings%3DeyJpZCI6NjIxLCJ1cmwiOiJodHRwczpcL1wvZGVtb3NpdGUxNS5kb21pbmltYXJrZXRpbmcwMS5pdFwvd3AtY29udGVudFwvdXBsb2Fkc1wvYTc1NDRfMDYwOF9yaW8uanBnIiwic2xpZGVzaG93IjoiMWMyMTlkNSJ9\">\t\t<div class=\"elementor-carousel-image\" role=\"img\" aria-label=\"Ristorante\" style=\"background-image: url(&#039;https:\/\/demosite15.dominimarketing01.it\/wp-content\/uploads\/a7544_0608_rio-768x512.jpg&#039;)\">\n\n\t\t\t\n\t\t\t\t\t<\/div>\n\t\t<\/a>\t\t\t\t\t\t<\/div>\n\t\t\t\t\t\t\t\t\t\t\t<div class=\"swiper-slide\" role=\"group\" aria-roledescription=\"slide\">\n\t\t\t\t\t\t\t<a href=\"https:\/\/demosite15.dominimarketing01.it\/wp-content\/uploads\/Buffet.jpg\" data-elementor-open-lightbox=\"yes\" data-elementor-lightbox-slideshow=\"1c219d5\" data-elementor-lightbox-title=\"Buffet\" data-e-action-hash=\"#elementor-action%3Aaction%3Dlightbox%26settings%3DeyJpZCI6NjU2LCJ1cmwiOiJodHRwczpcL1wvZGVtb3NpdGUxNS5kb21pbmltYXJrZXRpbmcwMS5pdFwvd3AtY29udGVudFwvdXBsb2Fkc1wvQnVmZmV0LmpwZyIsInNsaWRlc2hvdyI6IjFjMjE5ZDUifQ%3D%3D\">\t\t<div class=\"elementor-carousel-image\" role=\"img\" aria-label=\"Il Buffet di insalate ed antipastiIl Buffet di insalate ed antipasti\" style=\"background-image: url(&#039;https:\/\/demosite15.dominimarketing01.it\/wp-content\/uploads\/Buffet.jpg&#039;)\">\n\n\t\t\t\n\t\t\t\t\t<\/div>\n\t\t<\/a>\t\t\t\t\t\t<\/div>\n\t\t\t\t\t\t\t\t\t<\/div>\n\t\t\t\t\t\t\t\t\t\t\t\t\t\t\t<div class=\"elementor-swiper-button elementor-swiper-button-prev\" role=\"button\" tabindex=\"0\" aria-label=\"Previous\">\n\t\t\t\t\t\t\t<svg aria-hidden=\"true\" class=\"e-font-icon-svg e-eicon-chevron-left\" viewBox=\"0 0 1000 1000\" xmlns=\"http:\/\/www.w3.org\/2000\/svg\"><path d=\"M646 125C629 125 613 133 604 142L308 442C296 454 292 471 292 487 292 504 296 521 308 533L604 854C617 867 629 875 646 875 663 875 679 871 692 858 704 846 713 829 713 812 713 796 708 779 692 767L438 487 692 225C700 217 708 204 708 187 708 171 704 154 692 142 675 129 663 125 646 125Z\"><\/path><\/svg>\t\t\t\t\t\t<\/div>\n\t\t\t\t\t\t<div class=\"elementor-swiper-button elementor-swiper-button-next\" role=\"button\" tabindex=\"0\" aria-label=\"Next\">\n\t\t\t\t\t\t\t<svg aria-hidden=\"true\" class=\"e-font-icon-svg e-eicon-chevron-right\" viewBox=\"0 0 1000 1000\" xmlns=\"http:\/\/www.w3.org\/2000\/svg\"><path d=\"M696 533C708 521 713 504 713 487 713 471 708 454 696 446L400 146C388 133 375 125 354 125 338 125 325 129 313 142 300 154 292 171 292 187 292 204 296 221 308 233L563 492 304 771C292 783 288 800 288 817 288 833 296 850 308 863 321 871 338 875 354 875 371 875 388 867 400 854L696 533Z\"><\/path><\/svg>\t\t\t\t\t\t<\/div>\n\t\t\t\t\t\t\t\t\t\t\t\t\t\t\t\t\t<\/div>\n\t\t\t\t\t\t\t\t<\/div>\n\t\t\t\t<div class=\"elementor-element elementor-element-3ec88be elementor-align-center elementor-widget elementor-widget-button\" data-id=\"3ec88be\" data-element_type=\"widget\" data-e-type=\"widget\" data-widget_type=\"button.default\">\n\t\t\t\t\t\t\t\t\t\t<a class=\"elementor-button elementor-button-link elementor-size-sm\" href=\"https:\/\/www.web-booking.it\/hotelrio-booking\/?ling=f\" target=\"_blank\">\n\t\t\t\t\t\t<span class=\"elementor-button-content-wrapper\">\n\t\t\t\t\t\t<span class=\"elementor-button-icon\">\n\t\t\t\t<svg aria-hidden=\"true\" class=\"e-font-icon-svg e-far-calendar-alt\" viewBox=\"0 0 448 512\" xmlns=\"http:\/\/www.w3.org\/2000\/svg\"><path d=\"M148 288h-40c-6.6 0-12-5.4-12-12v-40c0-6.6 5.4-12 12-12h40c6.6 0 12 5.4 12 12v40c0 6.6-5.4 12-12 12zm108-12v-40c0-6.6-5.4-12-12-12h-40c-6.6 0-12 5.4-12 12v40c0 6.6 5.4 12 12 12h40c6.6 0 12-5.4 12-12zm96 0v-40c0-6.6-5.4-12-12-12h-40c-6.6 0-12 5.4-12 12v40c0 6.6 5.4 12 12 12h40c6.6 0 12-5.4 12-12zm-96 96v-40c0-6.6-5.4-12-12-12h-40c-6.6 0-12 5.4-12 12v40c0 6.6 5.4 12 12 12h40c6.6 0 12-5.4 12-12zm-96 0v-40c0-6.6-5.4-12-12-12h-40c-6.6 0-12 5.4-12 12v40c0 6.6 5.4 12 12 12h40c6.6 0 12-5.4 12-12zm192 0v-40c0-6.6-5.4-12-12-12h-40c-6.6 0-12 5.4-12 12v40c0 6.6 5.4 12 12 12h40c6.6 0 12-5.4 12-12zm96-260v352c0 26.5-21.5 48-48 48H48c-26.5 0-48-21.5-48-48V112c0-26.5 21.5-48 48-48h48V12c0-6.6 5.4-12 12-12h40c6.6 0 12 5.4 12 12v52h128V12c0-6.6 5.4-12 12-12h40c6.6 0 12 5.4 12 12v52h48c26.5 0 48 21.5 48 48zm-48 346V160H48v298c0 3.3 2.7 6 6 6h340c3.3 0 6-2.7 6-6z\"><\/path><\/svg>\t\t\t<\/span>\n\t\t\t\t\t\t\t\t\t<span class=\"elementor-button-text\">R\u00e9servez<\/span>\n\t\t\t\t\t<\/span>\n\t\t\t\t\t<\/a>\n\t\t\t\t\t\t\t\t<\/div>\n\t\t\t\t\t<\/div>\n\t\t\t\t<\/div>\n\t\t\t\t<\/div>\n\t\t\t\t<\/div>\n\t\t","protected":false},"excerpt":{"rendered":"<p>H\u00d4TEL 3 \u00c9TOILES FINALE LIGURE LE RESTAURANT La cuisine de notre restaurant repose sur la typicit\u00e9 et la qualit\u00e9 authentique des produits, et est supervis\u00e9e directement par les propri\u00e9taires. Menu au choix avec des sp\u00e9cialit\u00e9s de poisson et de viande chaque jour. Buffet g\u00e9n\u00e9reux de salades et l\u00e9gumes au d\u00e9jeuner et au d\u00eener, desserts faits [&hellip;]<\/p>\n","protected":false},"author":1,"featured_media":0,"parent":0,"menu_order":0,"comment_status":"closed","ping_status":"closed","template":"","meta":{"footnotes":""},"class_list":["post-1740","page","type-page","status-publish","hentry"],"yoast_head":"<!-- This site is optimized with the Yoast SEO plugin v26.9 - https:\/\/yoast.com\/product\/yoast-seo-wordpress\/ -->\n<title>Restaurant - Hotel Rio<\/title>\n<meta name=\"robots\" content=\"index, follow, max-snippet:-1, max-image-preview:large, max-video-preview:-1\" \/>\n<link rel=\"canonical\" href=\"https:\/\/demosite15.dominimarketing01.it\/fr\/restaurant\/\" \/>\n<meta property=\"og:locale\" content=\"fr_FR\" \/>\n<meta property=\"og:type\" content=\"article\" \/>\n<meta property=\"og:title\" content=\"Restaurant - Hotel Rio\" \/>\n<meta property=\"og:description\" content=\"H\u00d4TEL 3 \u00c9TOILES FINALE LIGURE LE RESTAURANT La cuisine de notre restaurant repose sur la typicit\u00e9 et la qualit\u00e9 authentique des produits, et est supervis\u00e9e directement par les propri\u00e9taires. Menu au choix avec des sp\u00e9cialit\u00e9s de poisson et de viande chaque jour. Buffet g\u00e9n\u00e9reux de salades et l\u00e9gumes au d\u00e9jeuner et au d\u00eener, desserts faits [&hellip;]\" \/>\n<meta property=\"og:url\" content=\"https:\/\/demosite15.dominimarketing01.it\/fr\/restaurant\/\" \/>\n<meta property=\"og:site_name\" content=\"Hotel Rio\" \/>\n<meta property=\"article:modified_time\" content=\"2026-02-19T11:55:31+00:00\" \/>\n<meta property=\"og:image\" content=\"https:\/\/demosite15.dominimarketing01.it\/wp-content\/uploads\/separazione2-1.png\" \/>\n\t<meta property=\"og:image:width\" content=\"1106\" \/>\n\t<meta property=\"og:image:height\" content=\"68\" \/>\n\t<meta property=\"og:image:type\" content=\"image\/png\" \/>\n<meta name=\"twitter:card\" content=\"summary_large_image\" \/>\n<meta name=\"twitter:label1\" content=\"Dur\u00e9e de lecture estim\u00e9e\" \/>\n\t<meta name=\"twitter:data1\" content=\"1 minute\" \/>\n<script type=\"application\/ld+json\" class=\"yoast-schema-graph\">{\"@context\":\"https:\/\/schema.org\",\"@graph\":[{\"@type\":\"WebPage\",\"@id\":\"https:\/\/demosite15.dominimarketing01.it\/fr\/restaurant\/\",\"url\":\"https:\/\/demosite15.dominimarketing01.it\/fr\/restaurant\/\",\"name\":\"Restaurant - Hotel Rio\",\"isPartOf\":{\"@id\":\"https:\/\/demosite15.dominimarketing01.it\/#website\"},\"primaryImageOfPage\":{\"@id\":\"https:\/\/demosite15.dominimarketing01.it\/fr\/restaurant\/#primaryimage\"},\"image\":{\"@id\":\"https:\/\/demosite15.dominimarketing01.it\/fr\/restaurant\/#primaryimage\"},\"thumbnailUrl\":\"https:\/\/demosite15.dominimarketing01.it\/wp-content\/uploads\/separazione2-1-300x18.png\",\"datePublished\":\"2026-02-11T14:41:09+00:00\",\"dateModified\":\"2026-02-19T11:55:31+00:00\",\"breadcrumb\":{\"@id\":\"https:\/\/demosite15.dominimarketing01.it\/fr\/restaurant\/#breadcrumb\"},\"inLanguage\":\"fr-FR\",\"potentialAction\":[{\"@type\":\"ReadAction\",\"target\":[\"https:\/\/demosite15.dominimarketing01.it\/fr\/restaurant\/\"]}]},{\"@type\":\"ImageObject\",\"inLanguage\":\"fr-FR\",\"@id\":\"https:\/\/demosite15.dominimarketing01.it\/fr\/restaurant\/#primaryimage\",\"url\":\"https:\/\/demosite15.dominimarketing01.it\/wp-content\/uploads\/separazione2-1-300x18.png\",\"contentUrl\":\"https:\/\/demosite15.dominimarketing01.it\/wp-content\/uploads\/separazione2-1-300x18.png\"},{\"@type\":\"BreadcrumbList\",\"@id\":\"https:\/\/demosite15.dominimarketing01.it\/fr\/restaurant\/#breadcrumb\",\"itemListElement\":[{\"@type\":\"ListItem\",\"position\":1,\"name\":\"Home\",\"item\":\"https:\/\/demosite15.dominimarketing01.it\/fr\/home\/\"},{\"@type\":\"ListItem\",\"position\":2,\"name\":\"Restaurant\"}]},{\"@type\":\"WebSite\",\"@id\":\"https:\/\/demosite15.dominimarketing01.it\/#website\",\"url\":\"https:\/\/demosite15.dominimarketing01.it\/\",\"name\":\"Hotel Rio\",\"description\":\"\",\"potentialAction\":[{\"@type\":\"SearchAction\",\"target\":{\"@type\":\"EntryPoint\",\"urlTemplate\":\"https:\/\/demosite15.dominimarketing01.it\/?s={search_term_string}\"},\"query-input\":{\"@type\":\"PropertyValueSpecification\",\"valueRequired\":true,\"valueName\":\"search_term_string\"}}],\"inLanguage\":\"fr-FR\"}]}<\/script>\n<!-- \/ Yoast SEO plugin. -->","yoast_head_json":{"title":"Restaurant - Hotel Rio","robots":{"index":"index","follow":"follow","max-snippet":"max-snippet:-1","max-image-preview":"max-image-preview:large","max-video-preview":"max-video-preview:-1"},"canonical":"https:\/\/demosite15.dominimarketing01.it\/fr\/restaurant\/","og_locale":"fr_FR","og_type":"article","og_title":"Restaurant - Hotel Rio","og_description":"H\u00d4TEL 3 \u00c9TOILES FINALE LIGURE LE RESTAURANT La cuisine de notre restaurant repose sur la typicit\u00e9 et la qualit\u00e9 authentique des produits, et est supervis\u00e9e directement par les propri\u00e9taires. Menu au choix avec des sp\u00e9cialit\u00e9s de poisson et de viande chaque jour. Buffet g\u00e9n\u00e9reux de salades et l\u00e9gumes au d\u00e9jeuner et au d\u00eener, desserts faits [&hellip;]","og_url":"https:\/\/demosite15.dominimarketing01.it\/fr\/restaurant\/","og_site_name":"Hotel Rio","article_modified_time":"2026-02-19T11:55:31+00:00","og_image":[{"width":1106,"height":68,"url":"https:\/\/demosite15.dominimarketing01.it\/wp-content\/uploads\/separazione2-1.png","type":"image\/png"}],"twitter_card":"summary_large_image","twitter_misc":{"Dur\u00e9e de lecture estim\u00e9e":"1 minute"},"schema":{"@context":"https:\/\/schema.org","@graph":[{"@type":"WebPage","@id":"https:\/\/demosite15.dominimarketing01.it\/fr\/restaurant\/","url":"https:\/\/demosite15.dominimarketing01.it\/fr\/restaurant\/","name":"Restaurant - Hotel Rio","isPartOf":{"@id":"https:\/\/demosite15.dominimarketing01.it\/#website"},"primaryImageOfPage":{"@id":"https:\/\/demosite15.dominimarketing01.it\/fr\/restaurant\/#primaryimage"},"image":{"@id":"https:\/\/demosite15.dominimarketing01.it\/fr\/restaurant\/#primaryimage"},"thumbnailUrl":"https:\/\/demosite15.dominimarketing01.it\/wp-content\/uploads\/separazione2-1-300x18.png","datePublished":"2026-02-11T14:41:09+00:00","dateModified":"2026-02-19T11:55:31+00:00","breadcrumb":{"@id":"https:\/\/demosite15.dominimarketing01.it\/fr\/restaurant\/#breadcrumb"},"inLanguage":"fr-FR","potentialAction":[{"@type":"ReadAction","target":["https:\/\/demosite15.dominimarketing01.it\/fr\/restaurant\/"]}]},{"@type":"ImageObject","inLanguage":"fr-FR","@id":"https:\/\/demosite15.dominimarketing01.it\/fr\/restaurant\/#primaryimage","url":"https:\/\/demosite15.dominimarketing01.it\/wp-content\/uploads\/separazione2-1-300x18.png","contentUrl":"https:\/\/demosite15.dominimarketing01.it\/wp-content\/uploads\/separazione2-1-300x18.png"},{"@type":"BreadcrumbList","@id":"https:\/\/demosite15.dominimarketing01.it\/fr\/restaurant\/#breadcrumb","itemListElement":[{"@type":"ListItem","position":1,"name":"Home","item":"https:\/\/demosite15.dominimarketing01.it\/fr\/home\/"},{"@type":"ListItem","position":2,"name":"Restaurant"}]},{"@type":"WebSite","@id":"https:\/\/demosite15.dominimarketing01.it\/#website","url":"https:\/\/demosite15.dominimarketing01.it\/","name":"Hotel Rio","description":"","potentialAction":[{"@type":"SearchAction","target":{"@type":"EntryPoint","urlTemplate":"https:\/\/demosite15.dominimarketing01.it\/?s={search_term_string}"},"query-input":{"@type":"PropertyValueSpecification","valueRequired":true,"valueName":"search_term_string"}}],"inLanguage":"fr-FR"}]}},"_links":{"self":[{"href":"https:\/\/demosite15.dominimarketing01.it\/fr\/wp-json\/wp\/v2\/pages\/1740","targetHints":{"allow":["GET"]}}],"collection":[{"href":"https:\/\/demosite15.dominimarketing01.it\/fr\/wp-json\/wp\/v2\/pages"}],"about":[{"href":"https:\/\/demosite15.dominimarketing01.it\/fr\/wp-json\/wp\/v2\/types\/page"}],"author":[{"embeddable":true,"href":"https:\/\/demosite15.dominimarketing01.it\/fr\/wp-json\/wp\/v2\/users\/1"}],"replies":[{"embeddable":true,"href":"https:\/\/demosite15.dominimarketing01.it\/fr\/wp-json\/wp\/v2\/comments?post=1740"}],"version-history":[{"count":1,"href":"https:\/\/demosite15.dominimarketing01.it\/fr\/wp-json\/wp\/v2\/pages\/1740\/revisions"}],"predecessor-version":[{"id":1741,"href":"https:\/\/demosite15.dominimarketing01.it\/fr\/wp-json\/wp\/v2\/pages\/1740\/revisions\/1741"}],"wp:attachment":[{"href":"https:\/\/demosite15.dominimarketing01.it\/fr\/wp-json\/wp\/v2\/media?parent=1740"}],"curies":[{"name":"wp","href":"https:\/\/api.w.org\/{rel}","templated":true}]}}