{"id":1742,"date":"2026-02-11T16:04:52","date_gmt":"2026-02-11T16:04:52","guid":{"rendered":"https:\/\/demosite15.dominimarketing01.it\/salle-des-conferences\/"},"modified":"2026-02-19T11:56:38","modified_gmt":"2026-02-19T11:56:38","slug":"salle-des-conferences","status":"publish","type":"page","link":"https:\/\/demosite15.dominimarketing01.it\/fr\/salle-des-conferences\/","title":{"rendered":"SALLE DES CONFERENCES"},"content":{"rendered":"\t\t<div data-elementor-type=\"wp-page\" data-elementor-id=\"1742\" class=\"elementor elementor-1742 elementor-867\" data-elementor-post-type=\"page\">\n\t\t\t\t<div class=\"elementor-element elementor-element-40cb003c e-flex e-con-boxed e-con e-parent\" data-id=\"40cb003c\" data-element_type=\"container\" data-e-type=\"container\" data-settings=\"{&quot;background_background&quot;:&quot;classic&quot;}\">\n\t\t\t\t\t<div class=\"e-con-inner\">\n\t\t\t\t\t<\/div>\n\t\t\t\t<\/div>\n\t\t<div class=\"elementor-element elementor-element-69259d9 e-flex e-con-boxed e-con e-parent\" data-id=\"69259d9\" data-element_type=\"container\" data-e-type=\"container\" data-settings=\"{&quot;background_background&quot;:&quot;classic&quot;}\">\n\t\t\t\t\t<div class=\"e-con-inner\">\n\t\t<div class=\"elementor-element elementor-element-cccc501 e-con-full e-flex e-con e-child\" data-id=\"cccc501\" data-element_type=\"container\" data-e-type=\"container\">\n\t\t\t\t<div class=\"elementor-element elementor-element-0bd90a9 elementor-widget elementor-widget-heading\" data-id=\"0bd90a9\" data-element_type=\"widget\" data-e-type=\"widget\" data-widget_type=\"heading.default\">\n\t\t\t\t\t<h2 class=\"elementor-heading-title elementor-size-default\">H\u00d4TEL 3 \u00c9TOILES FINALE LIGURE<\/h2>\t\t\t\t<\/div>\n\t\t\t\t<div class=\"elementor-element elementor-element-d6d061f elementor-widget elementor-widget-heading\" data-id=\"d6d061f\" data-element_type=\"widget\" data-e-type=\"widget\" data-widget_type=\"heading.default\">\n\t\t\t\t\t<h2 class=\"elementor-heading-title elementor-size-default\">SALLE DES CONFERENCES<\/h2>\t\t\t\t<\/div>\n\t\t\t\t<div class=\"elementor-element elementor-element-338d3a8 elementor-widget elementor-widget-image\" data-id=\"338d3a8\" data-element_type=\"widget\" data-e-type=\"widget\" data-widget_type=\"image.default\">\n\t\t\t\t\t\t\t\t\t\t\t\t\t\t\t<img decoding=\"async\" width=\"300\" height=\"18\" src=\"https:\/\/demosite15.dominimarketing01.it\/wp-content\/uploads\/separazione2-1-300x18.png\" class=\"attachment-medium size-medium wp-image-1204\" alt=\"\" srcset=\"https:\/\/demosite15.dominimarketing01.it\/wp-content\/uploads\/separazione2-1-300x18.png 300w, https:\/\/demosite15.dominimarketing01.it\/wp-content\/uploads\/separazione2-1-1024x63.png 1024w, https:\/\/demosite15.dominimarketing01.it\/wp-content\/uploads\/separazione2-1-768x47.png 768w, https:\/\/demosite15.dominimarketing01.it\/wp-content\/uploads\/separazione2-1.png 1106w\" sizes=\"(max-width: 300px) 100vw, 300px\" \/>\t\t\t\t\t\t\t\t\t\t\t\t\t\t\t<\/div>\n\t\t\t\t<\/div>\n\t\t\t\t\t<\/div>\n\t\t\t\t<\/div>\n\t\t<div class=\"elementor-element elementor-element-c7416cb e-con-full e-flex e-con e-parent\" data-id=\"c7416cb\" data-element_type=\"container\" data-e-type=\"container\">\n\t\t<div class=\"elementor-element elementor-element-5331ad6 e-flex e-con-boxed e-con e-child\" data-id=\"5331ad6\" data-element_type=\"container\" data-e-type=\"container\">\n\t\t\t\t\t<div class=\"e-con-inner\">\n\t\t\t\t<div class=\"elementor-element elementor-element-cf04d5d elementor-widget elementor-widget-image\" data-id=\"cf04d5d\" data-element_type=\"widget\" data-e-type=\"widget\" data-widget_type=\"image.default\">\n\t\t\t\t\t\t\t\t\t\t\t\t\t\t\t<img fetchpriority=\"high\" decoding=\"async\" width=\"600\" height=\"368\" src=\"https:\/\/demosite15.dominimarketing01.it\/wp-content\/uploads\/congressi.png\" class=\"attachment-medium_large size-medium_large wp-image-871\" alt=\"\" srcset=\"https:\/\/demosite15.dominimarketing01.it\/wp-content\/uploads\/congressi.png 600w, https:\/\/demosite15.dominimarketing01.it\/wp-content\/uploads\/congressi-300x184.png 300w\" sizes=\"(max-width: 600px) 100vw, 600px\" \/>\t\t\t\t\t\t\t\t\t\t\t\t\t\t\t<\/div>\n\t\t\t\t<div class=\"elementor-element elementor-element-0877b7c elementor-widget elementor-widget-text-editor\" data-id=\"0877b7c\" data-element_type=\"widget\" data-e-type=\"widget\" data-widget_type=\"text-editor.default\">\n\t\t\t\t\t\t\t\t\t<p data-start=\"241\" data-end=\"585\">Salle \u00e0 s\u00e9minaires am\u00e9nag\u00e9e selon votre choix (140 mq) capacit\u00e9 \u00e0 120 personnes divisible en 4 ambiances.<\/p><p data-start=\"241\" data-end=\"585\">Salle \u00e9quip\u00e9e pour coffee break, brunch et menus de conventions.<\/p>\t\t\t\t\t\t\t\t<\/div>\n\t\t\t\t<div class=\"elementor-element elementor-element-3ec88be elementor-align-center elementor-widget elementor-widget-button\" data-id=\"3ec88be\" data-element_type=\"widget\" data-e-type=\"widget\" data-widget_type=\"button.default\">\n\t\t\t\t\t\t\t\t\t\t<a class=\"elementor-button elementor-button-link elementor-size-sm\" href=\"https:\/\/www.web-booking.it\/hotelrio-booking\/?ling=f\" target=\"_blank\">\n\t\t\t\t\t\t<span class=\"elementor-button-content-wrapper\">\n\t\t\t\t\t\t<span class=\"elementor-button-icon\">\n\t\t\t\t<svg aria-hidden=\"true\" class=\"e-font-icon-svg e-far-calendar-alt\" viewBox=\"0 0 448 512\" xmlns=\"http:\/\/www.w3.org\/2000\/svg\"><path d=\"M148 288h-40c-6.6 0-12-5.4-12-12v-40c0-6.6 5.4-12 12-12h40c6.6 0 12 5.4 12 12v40c0 6.6-5.4 12-12 12zm108-12v-40c0-6.6-5.4-12-12-12h-40c-6.6 0-12 5.4-12 12v40c0 6.6 5.4 12 12 12h40c6.6 0 12-5.4 12-12zm96 0v-40c0-6.6-5.4-12-12-12h-40c-6.6 0-12 5.4-12 12v40c0 6.6 5.4 12 12 12h40c6.6 0 12-5.4 12-12zm-96 96v-40c0-6.6-5.4-12-12-12h-40c-6.6 0-12 5.4-12 12v40c0 6.6 5.4 12 12 12h40c6.6 0 12-5.4 12-12zm-96 0v-40c0-6.6-5.4-12-12-12h-40c-6.6 0-12 5.4-12 12v40c0 6.6 5.4 12 12 12h40c6.6 0 12-5.4 12-12zm192 0v-40c0-6.6-5.4-12-12-12h-40c-6.6 0-12 5.4-12 12v40c0 6.6 5.4 12 12 12h40c6.6 0 12-5.4 12-12zm96-260v352c0 26.5-21.5 48-48 48H48c-26.5 0-48-21.5-48-48V112c0-26.5 21.5-48 48-48h48V12c0-6.6 5.4-12 12-12h40c6.6 0 12 5.4 12 12v52h128V12c0-6.6 5.4-12 12-12h40c6.6 0 12 5.4 12 12v52h48c26.5 0 48 21.5 48 48zm-48 346V160H48v298c0 3.3 2.7 6 6 6h340c3.3 0 6-2.7 6-6z\"><\/path><\/svg>\t\t\t<\/span>\n\t\t\t\t\t\t\t\t\t<span class=\"elementor-button-text\">R\u00e9servez<\/span>\n\t\t\t\t\t<\/span>\n\t\t\t\t\t<\/a>\n\t\t\t\t\t\t\t\t<\/div>\n\t\t\t\t\t<\/div>\n\t\t\t\t<\/div>\n\t\t\t\t<\/div>\n\t\t\t\t<\/div>\n\t\t","protected":false},"excerpt":{"rendered":"<p>H\u00d4TEL 3 \u00c9TOILES FINALE LIGURE SALLE DES CONFERENCES Salle \u00e0 s\u00e9minaires am\u00e9nag\u00e9e selon votre choix (140 mq) capacit\u00e9 \u00e0 120 personnes divisible en 4 ambiances. Salle \u00e9quip\u00e9e pour coffee break, brunch et menus de conventions. R\u00e9servez<\/p>\n","protected":false},"author":1,"featured_media":0,"parent":0,"menu_order":0,"comment_status":"closed","ping_status":"closed","template":"","meta":{"footnotes":""},"class_list":["post-1742","page","type-page","status-publish","hentry"],"yoast_head":"<!-- This site is optimized with the Yoast SEO plugin v26.9 - https:\/\/yoast.com\/product\/yoast-seo-wordpress\/ -->\n<title>SALLE DES CONFERENCES - Hotel Rio<\/title>\n<meta name=\"robots\" content=\"index, follow, max-snippet:-1, max-image-preview:large, max-video-preview:-1\" \/>\n<link rel=\"canonical\" href=\"https:\/\/demosite15.dominimarketing01.it\/fr\/salle-des-conferences\/\" \/>\n<meta property=\"og:locale\" content=\"fr_FR\" \/>\n<meta property=\"og:type\" content=\"article\" \/>\n<meta property=\"og:title\" content=\"SALLE DES CONFERENCES - Hotel Rio\" \/>\n<meta property=\"og:description\" content=\"H\u00d4TEL 3 \u00c9TOILES FINALE LIGURE SALLE DES CONFERENCES Salle \u00e0 s\u00e9minaires am\u00e9nag\u00e9e selon votre choix (140 mq) capacit\u00e9 \u00e0 120 personnes divisible en 4 ambiances. Salle \u00e9quip\u00e9e pour coffee break, brunch et menus de conventions. R\u00e9servez\" \/>\n<meta property=\"og:url\" content=\"https:\/\/demosite15.dominimarketing01.it\/fr\/salle-des-conferences\/\" \/>\n<meta property=\"og:site_name\" content=\"Hotel Rio\" \/>\n<meta property=\"article:modified_time\" content=\"2026-02-19T11:56:38+00:00\" \/>\n<meta property=\"og:image\" content=\"https:\/\/demosite15.dominimarketing01.it\/wp-content\/uploads\/separazione2-1.png\" \/>\n\t<meta property=\"og:image:width\" content=\"1106\" \/>\n\t<meta property=\"og:image:height\" content=\"68\" \/>\n\t<meta property=\"og:image:type\" content=\"image\/png\" \/>\n<meta name=\"twitter:card\" content=\"summary_large_image\" \/>\n<script type=\"application\/ld+json\" class=\"yoast-schema-graph\">{\"@context\":\"https:\/\/schema.org\",\"@graph\":[{\"@type\":\"WebPage\",\"@id\":\"https:\/\/demosite15.dominimarketing01.it\/fr\/salle-des-conferences\/\",\"url\":\"https:\/\/demosite15.dominimarketing01.it\/fr\/salle-des-conferences\/\",\"name\":\"SALLE DES CONFERENCES - Hotel Rio\",\"isPartOf\":{\"@id\":\"https:\/\/demosite15.dominimarketing01.it\/#website\"},\"primaryImageOfPage\":{\"@id\":\"https:\/\/demosite15.dominimarketing01.it\/fr\/salle-des-conferences\/#primaryimage\"},\"image\":{\"@id\":\"https:\/\/demosite15.dominimarketing01.it\/fr\/salle-des-conferences\/#primaryimage\"},\"thumbnailUrl\":\"https:\/\/demosite15.dominimarketing01.it\/wp-content\/uploads\/separazione2-1-300x18.png\",\"datePublished\":\"2026-02-11T16:04:52+00:00\",\"dateModified\":\"2026-02-19T11:56:38+00:00\",\"breadcrumb\":{\"@id\":\"https:\/\/demosite15.dominimarketing01.it\/fr\/salle-des-conferences\/#breadcrumb\"},\"inLanguage\":\"fr-FR\",\"potentialAction\":[{\"@type\":\"ReadAction\",\"target\":[\"https:\/\/demosite15.dominimarketing01.it\/fr\/salle-des-conferences\/\"]}]},{\"@type\":\"ImageObject\",\"inLanguage\":\"fr-FR\",\"@id\":\"https:\/\/demosite15.dominimarketing01.it\/fr\/salle-des-conferences\/#primaryimage\",\"url\":\"https:\/\/demosite15.dominimarketing01.it\/wp-content\/uploads\/separazione2-1-300x18.png\",\"contentUrl\":\"https:\/\/demosite15.dominimarketing01.it\/wp-content\/uploads\/separazione2-1-300x18.png\"},{\"@type\":\"BreadcrumbList\",\"@id\":\"https:\/\/demosite15.dominimarketing01.it\/fr\/salle-des-conferences\/#breadcrumb\",\"itemListElement\":[{\"@type\":\"ListItem\",\"position\":1,\"name\":\"Home\",\"item\":\"https:\/\/demosite15.dominimarketing01.it\/fr\/home\/\"},{\"@type\":\"ListItem\",\"position\":2,\"name\":\"SALLE DES CONFERENCES\"}]},{\"@type\":\"WebSite\",\"@id\":\"https:\/\/demosite15.dominimarketing01.it\/#website\",\"url\":\"https:\/\/demosite15.dominimarketing01.it\/\",\"name\":\"Hotel Rio\",\"description\":\"\",\"potentialAction\":[{\"@type\":\"SearchAction\",\"target\":{\"@type\":\"EntryPoint\",\"urlTemplate\":\"https:\/\/demosite15.dominimarketing01.it\/?s={search_term_string}\"},\"query-input\":{\"@type\":\"PropertyValueSpecification\",\"valueRequired\":true,\"valueName\":\"search_term_string\"}}],\"inLanguage\":\"fr-FR\"}]}<\/script>\n<!-- \/ Yoast SEO plugin. -->","yoast_head_json":{"title":"SALLE DES CONFERENCES - Hotel Rio","robots":{"index":"index","follow":"follow","max-snippet":"max-snippet:-1","max-image-preview":"max-image-preview:large","max-video-preview":"max-video-preview:-1"},"canonical":"https:\/\/demosite15.dominimarketing01.it\/fr\/salle-des-conferences\/","og_locale":"fr_FR","og_type":"article","og_title":"SALLE DES CONFERENCES - Hotel Rio","og_description":"H\u00d4TEL 3 \u00c9TOILES FINALE LIGURE SALLE DES CONFERENCES Salle \u00e0 s\u00e9minaires am\u00e9nag\u00e9e selon votre choix (140 mq) capacit\u00e9 \u00e0 120 personnes divisible en 4 ambiances. Salle \u00e9quip\u00e9e pour coffee break, brunch et menus de conventions. R\u00e9servez","og_url":"https:\/\/demosite15.dominimarketing01.it\/fr\/salle-des-conferences\/","og_site_name":"Hotel Rio","article_modified_time":"2026-02-19T11:56:38+00:00","og_image":[{"width":1106,"height":68,"url":"https:\/\/demosite15.dominimarketing01.it\/wp-content\/uploads\/separazione2-1.png","type":"image\/png"}],"twitter_card":"summary_large_image","schema":{"@context":"https:\/\/schema.org","@graph":[{"@type":"WebPage","@id":"https:\/\/demosite15.dominimarketing01.it\/fr\/salle-des-conferences\/","url":"https:\/\/demosite15.dominimarketing01.it\/fr\/salle-des-conferences\/","name":"SALLE DES CONFERENCES - Hotel Rio","isPartOf":{"@id":"https:\/\/demosite15.dominimarketing01.it\/#website"},"primaryImageOfPage":{"@id":"https:\/\/demosite15.dominimarketing01.it\/fr\/salle-des-conferences\/#primaryimage"},"image":{"@id":"https:\/\/demosite15.dominimarketing01.it\/fr\/salle-des-conferences\/#primaryimage"},"thumbnailUrl":"https:\/\/demosite15.dominimarketing01.it\/wp-content\/uploads\/separazione2-1-300x18.png","datePublished":"2026-02-11T16:04:52+00:00","dateModified":"2026-02-19T11:56:38+00:00","breadcrumb":{"@id":"https:\/\/demosite15.dominimarketing01.it\/fr\/salle-des-conferences\/#breadcrumb"},"inLanguage":"fr-FR","potentialAction":[{"@type":"ReadAction","target":["https:\/\/demosite15.dominimarketing01.it\/fr\/salle-des-conferences\/"]}]},{"@type":"ImageObject","inLanguage":"fr-FR","@id":"https:\/\/demosite15.dominimarketing01.it\/fr\/salle-des-conferences\/#primaryimage","url":"https:\/\/demosite15.dominimarketing01.it\/wp-content\/uploads\/separazione2-1-300x18.png","contentUrl":"https:\/\/demosite15.dominimarketing01.it\/wp-content\/uploads\/separazione2-1-300x18.png"},{"@type":"BreadcrumbList","@id":"https:\/\/demosite15.dominimarketing01.it\/fr\/salle-des-conferences\/#breadcrumb","itemListElement":[{"@type":"ListItem","position":1,"name":"Home","item":"https:\/\/demosite15.dominimarketing01.it\/fr\/home\/"},{"@type":"ListItem","position":2,"name":"SALLE DES CONFERENCES"}]},{"@type":"WebSite","@id":"https:\/\/demosite15.dominimarketing01.it\/#website","url":"https:\/\/demosite15.dominimarketing01.it\/","name":"Hotel Rio","description":"","potentialAction":[{"@type":"SearchAction","target":{"@type":"EntryPoint","urlTemplate":"https:\/\/demosite15.dominimarketing01.it\/?s={search_term_string}"},"query-input":{"@type":"PropertyValueSpecification","valueRequired":true,"valueName":"search_term_string"}}],"inLanguage":"fr-FR"}]}},"_links":{"self":[{"href":"https:\/\/demosite15.dominimarketing01.it\/fr\/wp-json\/wp\/v2\/pages\/1742","targetHints":{"allow":["GET"]}}],"collection":[{"href":"https:\/\/demosite15.dominimarketing01.it\/fr\/wp-json\/wp\/v2\/pages"}],"about":[{"href":"https:\/\/demosite15.dominimarketing01.it\/fr\/wp-json\/wp\/v2\/types\/page"}],"author":[{"embeddable":true,"href":"https:\/\/demosite15.dominimarketing01.it\/fr\/wp-json\/wp\/v2\/users\/1"}],"replies":[{"embeddable":true,"href":"https:\/\/demosite15.dominimarketing01.it\/fr\/wp-json\/wp\/v2\/comments?post=1742"}],"version-history":[{"count":1,"href":"https:\/\/demosite15.dominimarketing01.it\/fr\/wp-json\/wp\/v2\/pages\/1742\/revisions"}],"predecessor-version":[{"id":1743,"href":"https:\/\/demosite15.dominimarketing01.it\/fr\/wp-json\/wp\/v2\/pages\/1742\/revisions\/1743"}],"wp:attachment":[{"href":"https:\/\/demosite15.dominimarketing01.it\/fr\/wp-json\/wp\/v2\/media?parent=1742"}],"curies":[{"name":"wp","href":"https:\/\/api.w.org\/{rel}","templated":true}]}}